{"id":1918,"date":"2020-07-17T12:40:34","date_gmt":"2020-07-17T10:40:34","guid":{"rendered":"https:\/\/www.nuovafaos.com\/qualitaet\/"},"modified":"2024-07-22T14:59:43","modified_gmt":"2024-07-22T12:59:43","slug":"qualitaet","status":"publish","type":"page","link":"https:\/\/www.nuovafaos.com\/de\/qualitaet\/","title":{"rendered":"Qualit\u00e4t"},"content":{"rendered":"\t\t<div data-elementor-type=\"wp-page\" data-elementor-id=\"1918\" class=\"elementor elementor-1918\" data-elementor-post-type=\"page\">\n\t\t\t\t\t\t<section class=\"elementor-section elementor-top-section elementor-element elementor-element-4886db0 page-section elementor-section-boxed elementor-section-height-default elementor-section-height-default\" data-id=\"4886db0\" data-element_type=\"section\" data-settings=\"{&quot;background_background&quot;:&quot;classic&quot;}\">\n\t\t\t\t\t\t<div class=\"elementor-container elementor-column-gap-default\">\n\t\t\t\t\t<div class=\"elementor-column elementor-col-100 elementor-top-column elementor-element elementor-element-cb51a2f\" data-id=\"cb51a2f\" data-element_type=\"column\">\n\t\t\t<div class=\"elementor-widget-wrap elementor-element-populated\">\n\t\t\t\t\t\t<div class=\"elementor-element elementor-element-792231f elementor-widget elementor-widget-text-editor\" data-id=\"792231f\" data-element_type=\"widget\" data-widget_type=\"text-editor.default\">\n\t\t\t\t<div class=\"elementor-widget-container\">\n\t\t\t\t\t\t\t\t\t<p>Qualit\u00e4t ist f\u00fcr Nuova Faos sehr wichtig. Das Unternehmen<b>verf\u00fcgt \u00fcber die 3D-Technologie<\/b>&#8222;mobile S\u00e4ule&#8220;, um eine spezifische<b>Pr\u00fcfung des Teils durchf\u00fchren zu k\u00f6nnen<\/b>.<\/p>\n<p>Anhand von <b>Protokollen und Messberichten<\/b> werden die wichtigen Ma\u00dfe der Teile erfasst und mit dem Kunden geteilt.<\/p>\n<p>3D: L\u00e4nge X-Achse 6000; H\u00f6he Y-Achse 2000; Tiefe Z-Achse 1500<\/p>\n<p>Desweiteren steht ein Autokollimat zur Verf\u00fcgung, um die <b>Geradlinigkeit und Ebenheit von Fl\u00e4chen zu 20 m zu vemlessen<\/b>.&nbsp;<\/p>\n<p><span style=\"font-size: 1rem;\">Nachstehend ein Foto von der Vermessung eines Teils direkt auf der Fr\u00e4smaschine, wie sie normalerweise vor der Entnahme des Werkst\u00fccks gemacht wird.<\/span><\/p>\t\t\t\t\t\t\t\t<\/div>\n\t\t\t\t<\/div>\n\t\t\t\t\t<\/div>\n\t\t<\/div>\n\t\t\t\t\t<\/div>\n\t\t<\/section>\n\t\t\t\t<section class=\"elementor-section elementor-top-section elementor-element elementor-element-920631c page-section page-section--bgwhite elementor-section-boxed elementor-section-height-default elementor-section-height-default\" data-id=\"920631c\" data-element_type=\"section\">\n\t\t\t\t\t\t\t<div class=\"elementor-background-overlay\"><\/div>\n\t\t\t\t\t\t\t<div class=\"elementor-container elementor-column-gap-default\">\n\t\t\t\t\t<div class=\"elementor-column elementor-col-100 elementor-top-column elementor-element elementor-element-d3c4709\" data-id=\"d3c4709\" data-element_type=\"column\">\n\t\t\t<div class=\"elementor-widget-wrap elementor-element-populated\">\n\t\t\t\t\t\t<div class=\"elementor-element elementor-element-556db8c elementor-widget elementor-widget-gallery\" data-id=\"556db8c\" data-element_type=\"widget\" data-settings=\"{&quot;columns&quot;:2,&quot;overlay_title&quot;:&quot;title&quot;,&quot;lazyload&quot;:&quot;yes&quot;,&quot;gallery_layout&quot;:&quot;grid&quot;,&quot;columns_tablet&quot;:2,&quot;columns_mobile&quot;:1,&quot;gap&quot;:{&quot;unit&quot;:&quot;px&quot;,&quot;size&quot;:10,&quot;sizes&quot;:[]},&quot;gap_tablet&quot;:{&quot;unit&quot;:&quot;px&quot;,&quot;size&quot;:10,&quot;sizes&quot;:[]},&quot;gap_mobile&quot;:{&quot;unit&quot;:&quot;px&quot;,&quot;size&quot;:10,&quot;sizes&quot;:[]},&quot;link_to&quot;:&quot;file&quot;,&quot;aspect_ratio&quot;:&quot;3:2&quot;,&quot;overlay_background&quot;:&quot;yes&quot;,&quot;content_hover_animation&quot;:&quot;fade-in&quot;}\" data-widget_type=\"gallery.default\">\n\t\t\t\t<div class=\"elementor-widget-container\">\n\t\t\t\t\t\t\t<div class=\"elementor-gallery__container\">\n\t\t\t\t\t\t\t<a class=\"e-gallery-item elementor-gallery-item elementor-animated-content\" href=\"https:\/\/www.nuovafaos.com\/wp-content\/uploads\/2020\/09\/IMG_4991.jpg\" data-elementor-open-lightbox=\"yes\" data-elementor-lightbox-slideshow=\"556db8c\" data-e-action-hash=\"#elementor-action%3Aaction%3Dlightbox%26settings%3DeyJpZCI6MTEzOCwidXJsIjoiaHR0cHM6XC9cL3d3dy5udW92YWZhb3MuY29tXC93cC1jb250ZW50XC91cGxvYWRzXC8yMDIwXC8wOVwvSU1HXzQ5OTEuanBnIiwic2xpZGVzaG93IjoiNTU2ZGI4YyJ9\">\n\t\t\t\t\t<div class=\"e-gallery-image elementor-gallery-item__image\" data-thumbnail=\"https:\/\/www.nuovafaos.com\/wp-content\/uploads\/2020\/09\/IMG_4991-1280x853.jpg\" data-width=\"1280\" data-height=\"853\" aria-label=\"Qualit\u00e0\" role=\"img\" ><\/div>\n\t\t\t\t\t\t\t\t\t\t\t<div class=\"elementor-gallery-item__overlay\"><\/div>\n\t\t\t\t\t\t\t\t\t\t\t\t\t\t\t<div class=\"elementor-gallery-item__content\">\n\t\t\t\t\t\t\t\t\t\t\t\t\t\t<div class=\"elementor-gallery-item__title\">\n\t\t\t\t\t\t\t\t\t\t\t\t\t\t\t\t\t\tQualit\u00e0\t\t\t\t\t\t\t\t<\/div>\n\t\t\t\t\t\t\t\t\t\t\t\t<\/div>\n\t\t\t\t\t\t\t\t\t<\/a>\n\t\t\t\t\t\t\t<a class=\"e-gallery-item elementor-gallery-item elementor-animated-content\" href=\"https:\/\/www.nuovafaos.com\/wp-content\/uploads\/2020\/09\/IMG_4949.jpg\" data-elementor-open-lightbox=\"yes\" data-elementor-lightbox-slideshow=\"556db8c\" data-e-action-hash=\"#elementor-action%3Aaction%3Dlightbox%26settings%3DeyJpZCI6MTE0MCwidXJsIjoiaHR0cHM6XC9cL3d3dy5udW92YWZhb3MuY29tXC93cC1jb250ZW50XC91cGxvYWRzXC8yMDIwXC8wOVwvSU1HXzQ5NDkuanBnIiwic2xpZGVzaG93IjoiNTU2ZGI4YyJ9\">\n\t\t\t\t\t<div class=\"e-gallery-image elementor-gallery-item__image\" data-thumbnail=\"https:\/\/www.nuovafaos.com\/wp-content\/uploads\/2020\/09\/IMG_4949-1280x853.jpg\" data-width=\"1280\" data-height=\"853\" aria-label=\"Qualit\u00e0\" role=\"img\" ><\/div>\n\t\t\t\t\t\t\t\t\t\t\t<div class=\"elementor-gallery-item__overlay\"><\/div>\n\t\t\t\t\t\t\t\t\t\t\t\t\t\t\t<div class=\"elementor-gallery-item__content\">\n\t\t\t\t\t\t\t\t\t\t\t\t\t\t<div class=\"elementor-gallery-item__title\">\n\t\t\t\t\t\t\t\t\t\t\t\t\t\t\t\t\t\tQualit\u00e0\t\t\t\t\t\t\t\t<\/div>\n\t\t\t\t\t\t\t\t\t\t\t\t<\/div>\n\t\t\t\t\t\t\t\t\t<\/a>\n\t\t\t\t\t<\/div>\n\t\t\t\t\t<\/div>\n\t\t\t\t<\/div>\n\t\t\t\t\t<\/div>\n\t\t<\/div>\n\t\t\t\t\t<\/div>\n\t\t<\/section>\n\t\t\t\t<\/div>\n\t\t","protected":false},"excerpt":{"rendered":"<p>Qualit\u00e4t ist f\u00fcr Nuova Faos sehr wichtig. Das Unternehmenverf\u00fcgt \u00fcber die 3D-Technologie&#8222;mobile S\u00e4ule&#8220;, um eine spezifischePr\u00fcfung des Teils durchf\u00fchren zu k\u00f6nnen. Anhand von Protokollen und Messberichten werden die wichtigen Ma\u00dfe der Teile erfasst und mit dem Kunden geteilt. 3D: L\u00e4nge X-Achse 6000; H\u00f6he Y-Achse 2000; Tiefe Z-Achse 1500 Desweiteren steht ein Autokollimat zur Verf\u00fcgung, um [&hellip;]<\/p>\n","protected":false},"author":1,"featured_media":1688,"parent":0,"menu_order":0,"comment_status":"closed","ping_status":"closed","template":"elementor_header_footer","meta":{"_acf_changed":false,"footnotes":""},"class_list":["post-1918","page","type-page","status-publish","has-post-thumbnail","hentry","wpbf-post"],"acf":[],"_links":{"self":[{"href":"https:\/\/www.nuovafaos.com\/de\/wp-json\/wp\/v2\/pages\/1918","targetHints":{"allow":["GET"]}}],"collection":[{"href":"https:\/\/www.nuovafaos.com\/de\/wp-json\/wp\/v2\/pages"}],"about":[{"href":"https:\/\/www.nuovafaos.com\/de\/wp-json\/wp\/v2\/types\/page"}],"author":[{"embeddable":true,"href":"https:\/\/www.nuovafaos.com\/de\/wp-json\/wp\/v2\/users\/1"}],"replies":[{"embeddable":true,"href":"https:\/\/www.nuovafaos.com\/de\/wp-json\/wp\/v2\/comments?post=1918"}],"version-history":[{"count":4,"href":"https:\/\/www.nuovafaos.com\/de\/wp-json\/wp\/v2\/pages\/1918\/revisions"}],"predecessor-version":[{"id":2106,"href":"https:\/\/www.nuovafaos.com\/de\/wp-json\/wp\/v2\/pages\/1918\/revisions\/2106"}],"wp:featuredmedia":[{"embeddable":true,"href":"https:\/\/www.nuovafaos.com\/de\/wp-json\/wp\/v2\/media\/1688"}],"wp:attachment":[{"href":"https:\/\/www.nuovafaos.com\/de\/wp-json\/wp\/v2\/media?parent=1918"}],"curies":[{"name":"wp","href":"https:\/\/api.w.org\/{rel}","templated":true}]}}