{"id":1680,"date":"2020-06-09T12:39:27","date_gmt":"2020-06-09T10:39:27","guid":{"rendered":"https:\/\/www.nuovafaos.com\/ueber-uns\/"},"modified":"2021-06-22T12:49:34","modified_gmt":"2021-06-22T10:49:34","slug":"ueber-uns","status":"publish","type":"page","link":"https:\/\/www.nuovafaos.com\/de\/ueber-uns\/","title":{"rendered":"\u00dcber uns"},"content":{"rendered":"\t\t<div data-elementor-type=\"wp-page\" data-elementor-id=\"1680\" class=\"elementor elementor-1680\" data-elementor-post-type=\"page\">\n\t\t\t\t\t\t<section class=\"elementor-section elementor-top-section elementor-element elementor-element-8aa27a7 elementor-section-content-middle page-section elementor-section-boxed elementor-section-height-default elementor-section-height-default\" data-id=\"8aa27a7\" data-element_type=\"section\" data-settings=\"{&quot;background_background&quot;:&quot;classic&quot;}\">\n\t\t\t\t\t\t<div class=\"elementor-container elementor-column-gap-default\">\n\t\t\t\t\t<div class=\"elementor-column elementor-col-100 elementor-top-column elementor-element elementor-element-c047501\" data-id=\"c047501\" data-element_type=\"column\">\n\t\t\t<div class=\"elementor-widget-wrap elementor-element-populated\">\n\t\t\t\t\t\t<div class=\"elementor-element elementor-element-e68b655 text-container elementor-widget elementor-widget-text-editor\" data-id=\"e68b655\" data-element_type=\"widget\" data-widget_type=\"text-editor.default\">\n\t\t\t\t<div class=\"elementor-widget-container\">\n\t\t\t\t\t\t\t\t\t<p><strong>Fabrizio Fabbri<\/strong> \u00fcbernimmt den Betrieb von seinem Vater Osvaldo, der als Tankbauer t\u00e4tig war. <\/p>\n<p>Tankbauer waren Handwerksbetriebe, die als Stahlbauer \u00d6ltanks f\u00fcr Heizanlagen gebaut haben, wie sie in den 80iger Jahren in fast in allen Wohnungen verwendet und in der Folge durch Erdgasleitungen ersetzt wurden.<\/p>\n<p>1992 <strong>wird die Firma von Fabrizio Fabbri<\/strong> umstrukturiert, mit Firmensitz in Pesaro und Produktionsstandort in San Giovanni in Marignano. Dank der hohen Fachkompetenz gelingt es ein Unternehmen aufzubauen <strong>das mechanisch bearbeitete Schwei\u00dfteile mit mittelgro\u00dfen bis gro\u00dfen Abmessungen herstellt<\/strong> <strong>wie Maschinenst\u00e4nder,<\/strong> <strong>Tr\u00e4ger und andere Bauteile<\/strong> f\u00fcr Maschinen in zahlreichen Einsatzbereichen: Maschinen zur Bearbeitung von Holz, Kunststoff, Aluminium, Glas, Marmor, Medizintechnik, Druckguss, Landwirtschaftsmaschinen usw.<\/p>\n\t\t\t\t\t\t\t\t<\/div>\n\t\t\t\t<\/div>\n\t\t\t\t\t<\/div>\n\t\t<\/div>\n\t\t\t\t\t<\/div>\n\t\t<\/section>\n\t\t\t\t<section class=\"elementor-section elementor-top-section elementor-element elementor-element-3bbb493 elementor-section-content-middle page-section elementor-section-boxed elementor-section-height-default elementor-section-height-default\" data-id=\"3bbb493\" data-element_type=\"section\" data-settings=\"{&quot;background_background&quot;:&quot;classic&quot;}\">\n\t\t\t\t\t\t<div class=\"elementor-container elementor-column-gap-default\">\n\t\t\t\t\t<div class=\"elementor-column elementor-col-100 elementor-top-column elementor-element elementor-element-aa0530f\" data-id=\"aa0530f\" data-element_type=\"column\">\n\t\t\t<div class=\"elementor-widget-wrap elementor-element-populated\">\n\t\t\t\t\t\t<div class=\"elementor-element elementor-element-02ab816 elementor-widget elementor-widget-video\" data-id=\"02ab816\" data-element_type=\"widget\" data-settings=\"{&quot;youtube_url&quot;:&quot;https:\\\/\\\/youtu.be\\\/huJAciZJ7Iw&quot;,&quot;yt_privacy&quot;:&quot;yes&quot;,&quot;show_image_overlay&quot;:&quot;yes&quot;,&quot;image_overlay&quot;:{&quot;url&quot;:&quot;https:\\\/\\\/www.nuovafaos.com\\\/wp-content\\\/uploads\\\/2020\\\/06\\\/foto-1.jpg&quot;,&quot;id&quot;:166,&quot;size&quot;:&quot;&quot;},&quot;lazy_load&quot;:&quot;yes&quot;,&quot;video_type&quot;:&quot;youtube&quot;,&quot;controls&quot;:&quot;yes&quot;}\" data-widget_type=\"video.default\">\n\t\t\t\t<div class=\"elementor-widget-container\">\n\t\t\t\t\t\t\t<div class=\"elementor-wrapper elementor-open-inline\">\n\t\t\t<div class=\"elementor-video\"><\/div>\t\t\t\t<div class=\"elementor-custom-embed-image-overlay\" style=\"background-image: url(https:\/\/www.nuovafaos.com\/wp-content\/uploads\/2020\/06\/foto-1-1280x513.jpg);\">\n\t\t\t\t\t\t\t\t\t\t\t\t\t\t\t\t<div class=\"elementor-custom-embed-play\" role=\"button\" aria-label=\"Video abspielen\" tabindex=\"0\">\n\t\t\t\t\t\t\t<i aria-hidden=\"true\" class=\"eicon-play\"><\/i>\t\t\t\t\t\t<\/div>\n\t\t\t\t\t\t\t\t\t<\/div>\n\t\t\t\t\t<\/div>\n\t\t\t\t\t\t<\/div>\n\t\t\t\t<\/div>\n\t\t\t\t\t<\/div>\n\t\t<\/div>\n\t\t\t\t\t<\/div>\n\t\t<\/section>\n\t\t\t\t<section class=\"elementor-section elementor-top-section elementor-element elementor-element-b163ad0 page-section page-section-- elementor-section-boxed elementor-section-height-default elementor-section-height-default\" data-id=\"b163ad0\" data-element_type=\"section\" data-settings=\"{&quot;background_background&quot;:&quot;classic&quot;}\">\n\t\t\t\t\t\t\t<div class=\"elementor-background-overlay\"><\/div>\n\t\t\t\t\t\t\t<div class=\"elementor-container elementor-column-gap-wider\">\n\t\t\t\t\t<div class=\"elementor-column elementor-col-100 elementor-top-column elementor-element elementor-element-20bb18c\" data-id=\"20bb18c\" data-element_type=\"column\">\n\t\t\t<div class=\"elementor-widget-wrap elementor-element-populated\">\n\t\t\t\t\t\t<div class=\"elementor-element elementor-element-422dd7a text-container--white elementor-widget elementor-widget-text-editor\" data-id=\"422dd7a\" data-element_type=\"widget\" data-widget_type=\"text-editor.default\">\n\t\t\t\t<div class=\"elementor-widget-container\">\n\t\t\t\t\t\t\t\t\t<p>Der <b>Produktionszyklus <\/b>umfasst alle erforderlichen Herstellungsschritte, ausgehend von Blechen in unterschiedlichen St\u00e4rke von namhaften Herstellern wie ILVA, SSAB, VoestAlpine und andere. <b>Diese werden<\/b> auf Lasern mit gro\u00dfen Abmessungen<b>zugeschnitten<\/b>, die Einzelteile gekantet <b>unter Zuhilfenahme<\/b> spezieller Vorrichtungen zusammengebaut und von zertifizierten Schwei\u00dfern geschwei\u00dft <b>Danach folgen ein eventuell vorgesehenes Gl\u00fchen<\/b>, die mechanische Bearbeitung auf hochgenauen Maschinen, Sandstrahlen und Lackieren. Ausgeliefert wird ein Produkt <b>an dem der Kunde in<\/b> der Folge direkt seine Bauteile und Schaltschr\u00e4nke montieren kann. <b>Unsere Kunden<\/b> sind zu 90% weltweit aktive Industriekonzerne der Produktbereiche Bearbeitungsmaschinen f\u00fcr Holz, Glas, Aluminium, Kunststoff, Marmor und Metall.<\/p>\n<p>Unsere Kunden sind zu 90% <strong>weltweit aktive Industriekonzerne<\/strong>der Produktbereiche Bearbeitungsmaschinen f\u00fcr Holz, Glas, Aluminium, Kunststoff, Marmor und Metall.Unser Exportanteil betr\u00e4gt ungef\u00e4hr 40% des Umsatzes, der im vergangenen Jahr insgesamt 30 Millionen Euro betrug. <\/p>\n<p><strong>Nuova Faos<\/strong> <b>produziert heute Strukturen mittelgro\u00dfer und gro\u00dfer Dimensionen <\/b>f\u00fcr wichtige europ\u00e4ische Industriekonzerne dank qualifizierter Fachkr\u00e4fte und konstanter technologischer Innovation.<\/p>\n<p>Die Produktion von kleinen, mittelgro\u00dfen und gro\u00dfen Stahlbauteilen wird dank qualifizierter Fachkr\u00e4fte und <b>konstanter technologischer Innovation<\/b> konsolidiert. Produktionsprozesse und die Abnahme erfolgen durch erfahrenes Fachpersonal.<\/p>\n\t\t\t\t\t\t\t\t<\/div>\n\t\t\t\t<\/div>\n\t\t\t\t\t<\/div>\n\t\t<\/div>\n\t\t\t\t\t<\/div>\n\t\t<\/section>\n\t\t\t\t<section class=\"elementor-section elementor-top-section elementor-element elementor-element-c5bb5bd elementor-section-content-middle page-section elementor-hidden-desktop elementor-hidden-tablet elementor-hidden-phone elementor-section-boxed elementor-section-height-default elementor-section-height-default\" data-id=\"c5bb5bd\" data-element_type=\"section\" data-settings=\"{&quot;background_background&quot;:&quot;classic&quot;}\">\n\t\t\t\t\t\t<div class=\"elementor-container elementor-column-gap-default\">\n\t\t\t\t\t<div class=\"elementor-column elementor-col-100 elementor-top-column elementor-element elementor-element-a82ea1f\" data-id=\"a82ea1f\" data-element_type=\"column\">\n\t\t\t<div class=\"elementor-widget-wrap elementor-element-populated\">\n\t\t\t\t\t\t<div class=\"elementor-element elementor-element-f385503 headline headline--div--center elementor-widget elementor-widget-heading\" data-id=\"f385503\" data-element_type=\"widget\" data-widget_type=\"heading.default\">\n\t\t\t\t<div class=\"elementor-widget-container\">\n\t\t\t\t\t<h2 class=\"elementor-heading-title elementor-size-default\">Unsere Geschichte<\/h2>\t\t\t\t<\/div>\n\t\t\t\t<\/div>\n\t\t\t\t<div class=\"elementor-element elementor-element-f7a37d8 timeline elementor-widget elementor-widget-html\" data-id=\"f7a37d8\" data-element_type=\"widget\" data-widget_type=\"html.default\">\n\t\t\t\t<div class=\"elementor-widget-container\">\n\t\t\t\t\t<div class=\"entries\">\n  <div class=\"entry\">\n    <div class=\"title\">1965  <\/div>\n    <div class=\"body\">\n      <p>Neque sunt voluptatibus repellat pariatur ut enim. Eveniet rerum suscipit eveniet amet dignissimos. Doloremque et distinctio quod molestiae ut.<\/p>\n    <\/div>\n  <\/div>\n  <div class=\"entry\">\n    <div class=\"title\">1992<\/div>\n    <div class=\"body\">\n      <p>Quo nobis cumque dolor iure voluptatem voluptatem alias soluta.<\/p>\n    <\/div>\n  <\/div>\n  <div class=\"entry\">\n    <div class=\"title big\">2013<\/div>\n    <div class=\"body\">\n      <p>Rerum sit libero possimus amet excepturi. Exercitationem enim dolores sunt praesentium dolorum praesentium.<\/p>\n    <\/div>\n  <\/div>\n  <div class=\"entry\">\n    <div class=\"title\">2014<\/div>\n    <div class=\"body\">\n      <p>Voluptatibus veniam ea reprehenderit atque. Reiciendis non laborum adipisci ipsa pariatur omnis. Sed ipsam repudiandae velit. Omnis libero nostrum aperiam nemo dolor ea eos eius. Esse a non itaque quidem.<\/p>\n    <\/div>\n  <\/div>\n  <div class=\"entry\">\n    <div class=\"title\">2015<\/div>\n    <div class=\"body\">\n      <p>VAdipisci totam omnis cum et suscipit excepturi et excepturi. Inventore sequi sit ut aliquid. Modi aut dolores dignissimos.<\/p>\n      <p>Delectus facere officia consequuntur molestias deserunt illo. Placeat laudantium beatae natus excepturi ab nihil voluptates.<\/p>\n    <\/div>\n  <\/div>\n  <div class=\"entry\">\n    <div class=\"title big\">2016<\/div>\n    <div class=\"body\">\n      <p>Impedit dolorem commodi explicabo fugit aut alias voluptatem. Magnam earum rerum quae dicta quibusdam aliquam ut.<\/p>\n    <\/div>\n  <\/div>\n  <div class=\"entry\">\n    <div class=\"title\">2017<\/div>\n    <div class=\"body\">\n      <p>Qui facere eos aut suscipit doloremque quos...<\/p>\n    <\/div>\n  <\/div>\n<\/div>\t\t\t\t<\/div>\n\t\t\t\t<\/div>\n\t\t\t\t\t<\/div>\n\t\t<\/div>\n\t\t\t\t\t<\/div>\n\t\t<\/section>\n\t\t\t\t<\/div>\n\t\t","protected":false},"excerpt":{"rendered":"<p>Fabrizio Fabbri \u00fcbernimmt den Betrieb von seinem Vater Osvaldo, der als Tankbauer t\u00e4tig war. Tankbauer waren Handwerksbetriebe, die als Stahlbauer \u00d6ltanks f\u00fcr Heizanlagen gebaut haben, wie sie in den 80iger Jahren in fast in allen Wohnungen verwendet und in der Folge durch Erdgasleitungen ersetzt wurden. 1992 wird die Firma von Fabrizio Fabbri umstrukturiert, mit Firmensitz [&hellip;]<\/p>\n","protected":false},"author":1,"featured_media":1667,"parent":0,"menu_order":0,"comment_status":"closed","ping_status":"closed","template":"elementor_header_footer","meta":{"_acf_changed":false,"footnotes":""},"class_list":["post-1680","page","type-page","status-publish","has-post-thumbnail","hentry","wpbf-post"],"acf":[],"_links":{"self":[{"href":"https:\/\/www.nuovafaos.com\/de\/wp-json\/wp\/v2\/pages\/1680","targetHints":{"allow":["GET"]}}],"collection":[{"href":"https:\/\/www.nuovafaos.com\/de\/wp-json\/wp\/v2\/pages"}],"about":[{"href":"https:\/\/www.nuovafaos.com\/de\/wp-json\/wp\/v2\/types\/page"}],"author":[{"embeddable":true,"href":"https:\/\/www.nuovafaos.com\/de\/wp-json\/wp\/v2\/users\/1"}],"replies":[{"embeddable":true,"href":"https:\/\/www.nuovafaos.com\/de\/wp-json\/wp\/v2\/comments?post=1680"}],"version-history":[{"count":5,"href":"https:\/\/www.nuovafaos.com\/de\/wp-json\/wp\/v2\/pages\/1680\/revisions"}],"predecessor-version":[{"id":1686,"href":"https:\/\/www.nuovafaos.com\/de\/wp-json\/wp\/v2\/pages\/1680\/revisions\/1686"}],"wp:featuredmedia":[{"embeddable":true,"href":"https:\/\/www.nuovafaos.com\/de\/wp-json\/wp\/v2\/media\/1667"}],"wp:attachment":[{"href":"https:\/\/www.nuovafaos.com\/de\/wp-json\/wp\/v2\/media?parent=1680"}],"curies":[{"name":"wp","href":"https:\/\/api.w.org\/{rel}","templated":true}]}}